{"id":145,"date":"2020-05-10T21:50:03","date_gmt":"2020-05-10T19:50:03","guid":{"rendered":"http:\/\/www.cabay.be\/?page_id=145"},"modified":"2022-03-15T15:18:34","modified_gmt":"2022-03-15T14:18:34","slug":"assurmifid","status":"publish","type":"page","link":"https:\/\/www.cabay.be\/index.php\/assurmifid\/","title":{"rendered":"AssurMIFID"},"content":{"rendered":"<p>[et_pb_section fb_built=\u00a0\u00bb1&Prime; admin_label=\u00a0\u00bbHero\u00a0\u00bb _builder_version=\u00a0\u00bb3.22&Prime; background_color=\u00a0\u00bb#003bde\u00a0\u00bb use_background_color_gradient=\u00a0\u00bbon\u00a0\u00bb background_color_gradient_start=\u00a0\u00bb#003bde\u00a0\u00bb background_color_gradient_end=\u00a0\u00bb#58d0ff\u00a0\u00bb background_color_gradient_direction=\u00a0\u00bb160deg\u00a0\u00bb custom_padding=\u00a0\u00bb|0px|120px|0px|false|false\u00a0\u00bb bottom_divider_style=\u00a0\u00bbasymmetric3&Prime; bottom_divider_color=\u00a0\u00bb#ffffff\u00a0\u00bb da_is_popup=\u00a0\u00bboff\u00a0\u00bb da_exit_intent=\u00a0\u00bboff\u00a0\u00bb da_has_close=\u00a0\u00bbon\u00a0\u00bb da_alt_close=\u00a0\u00bboff\u00a0\u00bb da_dark_close=\u00a0\u00bboff\u00a0\u00bb da_not_modal=\u00a0\u00bbon\u00a0\u00bb da_is_singular=\u00a0\u00bboff\u00a0\u00bb da_with_loader=\u00a0\u00bboff\u00a0\u00bb da_has_shadow=\u00a0\u00bbon\u00a0\u00bb da_disable_devices=\u00a0\u00bboff|off|off\u00a0\u00bb][et_pb_row _builder_version=\u00a0\u00bb4.4.6&Prime; background_color=\u00a0\u00bb#ffffff\u00a0\u00bb border_radii=\u00a0\u00bbon|10px|10px|10px|10px\u00a0\u00bb border_width_all=\u00a0\u00bb11px\u00a0\u00bb border_color_all=\u00a0\u00bbrgba(0,0,0,0)\u00a0\u00bb][et_pb_column type=\u00a0\u00bb4_4&Prime; _builder_version=\u00a0\u00bb4.4.6&Prime;][et_pb_text _builder_version=\u00a0\u00bb4.4.6&Prime; text_text_color=\u00a0\u00bb#000000&Prime;]<\/p>\n<p>AssurMIFID \u2013 Conditions g\u00e9n\u00e9rales d\u2019engagement :\u00a0R\u00e8gles de conduite AssurMiFID*<\/p>\n<p><strong>Ce site web appartient \u00e0 EVRARD CABAY SPRL<\/strong><\/p>\n<p>Coordonn\u00e9es:<br \/> Place Antoine Ernst 14, 4880 Aubel<br \/> T\u00e9l\u00e9phone: +3287687486<br \/> E-mail: assurances@cabay.be<br \/> Agr\u00e9ment FSMA: 014038 A-cB<br \/> Num\u00e9ro d&rsquo;entreprise: BE 0423.878.221<\/p>\n<p><strong>Notre bureau est tenu au respect des \u00ab\u00a0R\u00e8gles de conduite AssurMiFID\u00a0\u00bb et vous communique les informations suivantes \u00e0 ce sujet :<\/strong><\/p>\n<p>1. Produits et services propos\u00e9s<\/p>\n<p>1.1 Informations relatives \u00e0 la notion d&rsquo;interm\u00e9diation en assurances<\/p>\n<p>Notre bureau propose des services d&rsquo;interm\u00e9diation en assurances, \u00e0 savoir les activit\u00e9s consistant \u00e0 donner des conseils sur les contrats d&rsquo;assurance, \u00e0 pr\u00e9senter, proposer et ex\u00e9cuter les travaux pr\u00e9paratoires en vue de la souscription de contrats d&rsquo;assurance, ou \u00e0 conclure des contrats d&rsquo;assurance, ainsi qu&rsquo;\u00e0 fournir une assistance dans la gestion et l&rsquo;ex\u00e9cution de ceux-ci.<\/p>\n<p>1.2 Codes et intitul\u00e9s des branches<\/p>\n<p>1: Accidents ;<br \/> 2: Maladie ;<br \/> 3: Corps de v\u00e9hicules terrestres autres que ferroviaires ;<br \/> 4: Corps de v\u00e9hicules ferroviaires ;<br \/> 5: Corps de v\u00e9hicules a\u00e9riens ;<br \/> 6: Corps de v\u00e9hicules maritimes, lacustres et fluviaux ;<br \/> 7: Marchandises transport\u00e9es, y compris les marchandises, bagages et tous autres biens ;<br \/> 8: Incendie et \u00e9l\u00e9ments naturels ;<br \/> 9: Autres dommages aux biens ;<br \/> 10 : RC v\u00e9hicules terrestres automoteurs ;<br \/> 11 : RC v\u00e9hicules a\u00e9riens ;<br \/> 12 : RC v\u00e9hicules maritimes, lacustres et fluviaux ;<br \/> 13 : RC g\u00e9n\u00e9rale ;<br \/> 14 : Cr\u00e9dit ;<br \/> 15 : Caution ;<br \/> 16 : Pertes p\u00e9cuniaires diverses ;<br \/> 17 : Protection juridique ;<br \/> 18 : Assistance ;<br \/> 21 : Assurances sur la vie non li\u00e9es \u00e0 des fonds d&rsquo;investissement, \u00e0 l&rsquo;exception des assurances de nuptialit\u00e9 et de natalit\u00e9 ;<br \/> 22 : Assurances de nuptialit\u00e9 et de natalit\u00e9, non li\u00e9es \u00e0 des fonds d&rsquo;investissement ;<br \/> 23 : Assurances sur la vie, assurances de nuptialit\u00e9 et de natalit\u00e9 li\u00e9es \u00e0 des fonds d&rsquo;investissement ;<br \/> 26 : Op\u00e9rations de capitalisation ;<br \/> 27 : Gestion de fonds de pension collectifs.<\/p>\n<p>1.3 Conditions de la police<\/p>\n<p>2. Informations sur la politique en mati\u00e8re de conflits d&rsquo;int\u00e9r\u00eats<\/p>\n<p>Les r\u00e8gles de conduite AssurMiFID imposent \u00e0 notre bureau d&rsquo;\u00e9tablir par \u00e9crit une politique de gestion des conflits d&rsquo;int\u00e9r\u00eats. Vous trouverez de plus amples informations sur la mani\u00e8re dont notre bureau satisfait \u00e0 cette condition ci-dessous.<\/p>\n<p><strong>INFORMATIONS SUR LA POLITIQUE DE NOTRE BUREAU EN MATI\u00c8RE DE CONFLITS D&rsquo;INT\u00c9R\u00caTS<\/strong><\/p>\n<p>2.1. Cadre l\u00e9gislatif<\/p>\n<p>Les \u00ab\u00a0r\u00e8gles de conduite AssurMiFID\u00a0\u00bb sont en vigueur depuis le 30 avril 2014. Elles trouvent leur base l\u00e9gale dans la loi du 30 juillet 2013 visant \u00e0 renforcer la protection des utilisateurs de produits et services financiers ainsi que les comp\u00e9tences de la FSMA et portant dispositions diverses, de m\u00eame que dans l&rsquo;A.R. du 21 f\u00e9vrier 2014 sur les r\u00e8gles d&rsquo;application pour les articles 27 \u00e0 28bis de la loi du 2 ao\u00fbt 2002 relative \u00e0 la surveillance du secteur financier et aux services financiers dans le secteur des assurances et l&rsquo;A.R. du 21 f\u00e9vrier 2014 relatif aux r\u00e8gles de conduite l\u00e9gales et aux r\u00e8gles l\u00e9gales en mati\u00e8re de gestion des conflits d&rsquo;int\u00e9r\u00eats dans le secteur des assurances.<\/p>\n<p>Conform\u00e9ment \u00e0 ces r\u00e8gles de conduite, notre bureau est tenu d&rsquo;\u00e9tablir par \u00e9crit une politique de gestion des conflits d&rsquo;int\u00e9r\u00eats dans le cadre de la prestation de services d&rsquo;interm\u00e9diation en assurances.<\/p>\n<p>Le r\u00e8glement l\u00e9gal concernant les conflits d&rsquo;int\u00e9r\u00eats est un compl\u00e9ment \u00e0 la constitution MiFID g\u00e9n\u00e9rale. Cette constitution est respect\u00e9e par notre bureau qui s&rsquo;engage loyalement, correctement et professionnellement pour les int\u00e9r\u00eats du client dans la prestation de services d&rsquo;interm\u00e9diation en assurances.<\/p>\n<p>2.2. Quels conflits d&rsquo;int\u00e9r\u00eats ?<\/p>\n<p>Dans le cadre de notre politique en mati\u00e8re de conflits d&rsquo;int\u00e9r\u00eats, notre bureau a dans un premier temps identifi\u00e9 les conflits d&rsquo;int\u00e9r\u00eats possibles dans notre bureau.<\/p>\n<p>Les conflits d&rsquo;int\u00e9r\u00eats peuvent survenir (1) entre notre bureau et ses personnes li\u00e9es et un client ou (2) entre plusieurs clients. La politique en mati\u00e8re de conflits d&rsquo;int\u00e9r\u00eats tient compte des caract\u00e9ristiques propres de notre bureau et de l&rsquo;\u00e9ventuelle structure de groupe.<\/p>\n<p>Lors de l&rsquo;\u00e9valuation des possibles conflits d&rsquo;int\u00e9r\u00eats, notre agence a identifi\u00e9 les situations o\u00f9 il existe un risque consid\u00e9rable de pr\u00e9judice aux int\u00e9r\u00eats du client. Il s&rsquo;agit :<\/p>\n<p>&#8211; Des situations o\u00f9 des b\u00e9n\u00e9fices seraient obtenus ou des pertes subies au d\u00e9triment du client ;<br \/> &#8211; Des situations o\u00f9 notre bureau aurait un int\u00e9r\u00eat diff\u00e9rent dans le r\u00e9sultat du service ou de la transaction ;<br \/> &#8211; Des situations avec une motivation financi\u00e8re pour accorder la priorit\u00e9 \u00e0 d&rsquo;autres clients ;<br \/> &#8211; Des situations o\u00f9 l&rsquo;activit\u00e9 exerc\u00e9e serait la m\u00eame que celle du client ;<br \/> &#8211; Des situations o\u00f9 notre bureau recevrait une indemnit\u00e9 d&rsquo;une autre personne que le client pour les services fournis d&rsquo;interm\u00e9diation en assurances ;<br \/> &#8211; Des situations o\u00f9 notre bureau d\u00e9tiendrait des participations correspondant \u00e0 au moins 10 % des droits de vote ou du capital de l'(des) entreprise(s) d&rsquo;assurance ;<br \/> &#8211; Des situations o\u00f9 l'(les) entreprise(s) d&rsquo;assurance d\u00e9tiendrai(en)t au moins 10 % des droits de vote ou du capital de notre bureau ;<\/p>\n<p>2.3. Quelles sont les mesures prises par notre bureau ?<\/p>\n<p>Notre bureau prend de nombreuses mesures pour veiller \u00e0 ce que les int\u00e9r\u00eats du client priment. Ces mesures sont notamment les suivantes :<\/p>\n<p>&#8211; Note d&rsquo;instructions interne ;<br \/> &#8211; Politique de r\u00e9mun\u00e9ration adapt\u00e9e ;<br \/> &#8211; Politique veillant \u00e0 ce que les personnes li\u00e9es interviennent uniquement comme interm\u00e9diaires pour des contrats d&rsquo;assurance dont elles connaissent les caract\u00e9ristiques essentielles et qu&rsquo;elles sont capables d&rsquo;expliquer aux clients ;<br \/> &#8211; Politique r\u00e9servant le droit \u00e0 notre bureau de refuser la prestation d&rsquo;un service demand\u00e9 \u00e0 d\u00e9faut d&rsquo;une solution concr\u00e8te \u00e0 un conflit d&rsquo;int\u00e9r\u00eats sp\u00e9cifique, et ce dans le seul but de prot\u00e9ger les int\u00e9r\u00eats du client ;<br \/> &#8211; R\u00e8glement relatif \u00e0 la r\u00e9ception d&rsquo;avantages ;<br \/> &#8211; Politique veillant \u00e0 ce que toutes les informations fournies par nos personnes li\u00e9s soient correctes et claires et ne puissent pas induire en erreur.<\/p>\n<p>Si n\u00e9cessaire, la politique en mati\u00e8re de conflits d&rsquo;int\u00e9r\u00eats de notre bureau sera adapt\u00e9e et\/ou actualis\u00e9e.<\/p>\n<p>2.4. Quelle est la proc\u00e9dure ?<\/p>\n<p>\u00a0<img src=\"http:\/\/www.cabay.be\/wp-content\/uploads\/2020\/05\/mifid-1-e1589140408626.png\" width=\"600\" height=\"370\" alt=\"\" class=\"wp-image-154 alignnone size-full\" srcset=\"http:\/\/www.cabay.be\/wp-content\/uploads\/2020\/05\/mifid-1-e1589140408626.png 600w, http:\/\/www.cabay.be\/wp-content\/uploads\/2020\/05\/mifid-1-480x296.png 480w\" sizes=\"(min-width: 0px) and (max-width: 480px) 480px, (min-width: 481px) 600px, 100vw\" \/><\/p>\n<p>2.5. Transparence sp\u00e9cifique<\/p>\n<p>Si, dans une situation concr\u00e8te, nos mesures ne peuvent pas apporter de garantie suffisante, nous vous informerons sur la nature g\u00e9n\u00e9rale et\/ou les sources du conflit d&rsquo;int\u00e9r\u00eats de mani\u00e8re \u00e0 ce que vous puissiez prendre une d\u00e9cision en parfaite connaissance de cause. Vous pourrez toujours nous contacter pour de plus amples informations.<\/p>\n<p>3. R\u00e9mun\u00e9ration<\/p>\n<p>Pour nos services d&rsquo;interm\u00e9diation en assurances, nous recevons en principe une r\u00e9mun\u00e9ration de l&rsquo;entreprise d&rsquo;assurance, qui fait partie de la prime que vous payez en tant que client.<br \/> Une r\u00e9mun\u00e9ration li\u00e9e au portefeuille d&rsquo;assurances de notre bureau aupr\u00e8s de l&rsquo;entreprise d&rsquo;assurance en question ou pour des t\u00e2ches suppl\u00e9mentaires accomplies par notre bureau est \u00e9galement possible. N&rsquo;h\u00e9sitez pas \u00e0 nous contacter pour de plus amples informations. Dans l&rsquo;autre cas, nous recevons une r\u00e9mun\u00e9ration de votre part en tant que client pour nos services d&rsquo;interm\u00e9diation en assurances.<\/p>\n<p>&nbsp;<\/p>\n<p>En ce qui concerne les assurance vie type branche 21, branche 23 et branche 26, nous\u00a0<span style=\"font-size: 14px;\">percevons une partie des frais d\u2019entr\u00e9e qui sont comptabilis\u00e9s sur chaque versement. Nous\u00a0<\/span><span style=\"font-size: 14px;\">percevons une r\u00e9mun\u00e9ration de maximum 2.5% de la prime vers\u00e9e ;<\/span><\/p>\n<p>En ce qui concerne les assurances vie type branche 21 et branche 26, nous percevons une\u00a0<span style=\"font-size: 14px;\">r\u00e9mun\u00e9ration sur portefeuille qui se situe entre 0.25% et 0.40%;<\/span><\/p>\n<p>En ce qui concerne les assurances vie type branche 23, nous percevons une r\u00e9mun\u00e9ration sur\u00a0<span style=\"font-size: 14px;\">portefeuille qui se situe entre 0.00% et 1.25%;<\/span><\/p>\n<p>Pour les assurances d\u00e9c\u00e8s, nous percevons une r\u00e9mun\u00e9ration de maximum 15% des primes\u00a0<span style=\"font-size: 14px;\">et une r\u00e9mun\u00e9ration unique qui se situe entre 0% et 43%;<\/span><\/p>\n<p>En mati\u00e8re d\u2019Incendie, Automobile et Risques Divers, nous recevons un pourcentage des frais\u00a0<span style=\"font-size: 14px;\">pris en compte sur chaque prime. Ce pourcentage diff\u00e8re de type de police d\u2019assurance \u00e0 type\u00a0<\/span><span style=\"font-size: 14px;\">de police d\u2019assurance :<\/span><\/p>\n<p>&#8211; Accident, branche 01 : entre 5% et 12%<\/p>\n<p>&#8211; Maladie et hospitalisation, branche 02 : entre 8% et 15%<\/p>\n<p>&#8211; Corps v\u00e9hicules, branches 03, 04, 05, 06 : entre 10% et 19%<\/p>\n<p>&#8211; Marchandises transport\u00e9es, branche 07 : entre 5% et 10%<\/p>\n<p>&#8211; Incendie, branche 08 : entre 10% et 29%<\/p>\n<p>&#8211; Autres dommages ; branche 09 : entre 8% et 20%<\/p>\n<p>&#8211; Responsabilit\u00e9s, branches 10,11,12,13 : entre 8% et 17%<\/p>\n<p>&#8211; Protection juridique, branche 17 : entre 10% et 22%<\/p>\n<p>&#8211; Assistance, branche 18 : entre 10% et 27%<\/p>\n<p>&nbsp;<\/p>\n<p>Notre bureau est inscrit sous le num\u00e9ro 014038A au registre des interm\u00e9diaires d&rsquo;assurances tenu \u00e0 jour par la FSMA, \u00e0 1000 Bruxelles, Rue du Congr\u00e8s 12-14, et consultable sur http :\/\/www.fsma.be.<\/p>\n<p>N&rsquo;h\u00e9sitez jamais \u00e0 vous adresser en premi\u00e8re instance \u00e0 notre bureau pour tous vos probl\u00e8mes et questions. Nous sommes toujours joignables par t\u00e9l\u00e9phone, e-mail ou fax.<\/p>\n<p>Toute plainte peut \u00e9galement \u00eatre adress\u00e9e au Services Ombudsman Assurances \u00e0 1000 Bruxelles, Square de Mee\u00fbs 35, t\u00e9l. 02\/547.58.71 \u2013 fax 02\/547.59.75 \u2013 info@ombudsman.as \u2013 www.ombudsman.as<\/p>\n<p>* loi du 30 juillet 2013 visant \u00e0 renforcer la protection des utilisateurs de produits et services financiers ainsi que les comp\u00e9tences de la FSMA et portant dispositions diverses, de m\u00eame que l&rsquo;A.R. du 21 f\u00e9vrier 2014 sur les r\u00e8gles pour l&rsquo;application des articles 27 \u00e0 28bis de la loi du 2 ao\u00fbt 2002 relative \u00e0 la surveillance du secteur financier et aux services financiers dans le secteur des assurances et l&rsquo;A.R. du 21 f\u00e9vrier 2014 relatif aux r\u00e8gles de conduite l\u00e9gales et aux r\u00e8gles l\u00e9gales en mati\u00e8re de gestion des conflits d&rsquo;int\u00e9r\u00eats dans le secteur des assurances.<\/p>\n<p>&nbsp;<\/p>\n<p>&nbsp;<\/p>\n<p>Disclaimer et vie priv\u00e9e<\/p>\n<p>&nbsp;<\/p>\n<p>Les informations et services repris sur ce site peuvent donc \u00eatre devenus obsol\u00e8tes et ne plus correspondre aux donn\u00e9es actuelles. Les liens renvoyant vers d&rsquo;autres sites internet n&rsquo;ont d&rsquo;autre objectif que de vous informer. Nous ne sommes donc pas responsables du contenu de ces sites. Il s\u2019en suit que les caract\u00e9ristiques ou prix mentionn\u00e9s le sont \u00e0 titre informatif, sans aucun engagement. Nous d\u00e9clinons toute responsabilit\u00e9 quant \u00e0 une d\u00e9cision que l&rsquo;utilisateur aurait prise ou d&rsquo;une op\u00e9ration qu&rsquo;il aurait effectu\u00e9e sur la base des informations ou des donn\u00e9es fournies ou de tout dommage direct ou indirect occasionn\u00e9 suite \u00e0 la visite et \u00e0 la consultation du site.<\/p>\n<p>Toute reproduction totale ou partielle et\/ou toute r\u00e9utilisation de ce site sont interdites sauf accord \u00e9crit pr\u00e9alable de notre part.<\/p>\n<p>Si l\u2019utilisateur est amen\u00e9 \u00e0 introduire des informations \u00e0 caract\u00e8re personnel, celles-ci seront sont trait\u00e9es conform\u00e9ment aux dispositions de la loi du 8 d\u00e9cembre 1992 relative au traitement des donn\u00e9es \u00e0 caract\u00e8re personnel. Vous avez le droit d&rsquo;acc\u00e9der aux informations vous concernant, de les modifier ou de les supprimer ainsi que la loi le pr\u00e9voit. Vous pouvez \u00e0 tout moment, gratuitement et sur simple demande, vous opposer \u00e0 l&rsquo;utilisation de vos coordonn\u00e9es dans le cadre de campagnes de marketing direct. Pour faire valoir ce droit, veuillez vous adresser par e-mail \u00e0 l\u2019adresse de contact de ce site.<\/p>\n<p>Par le simple fait de compl\u00e9ter un formulaire reprenant ses coordonn\u00e9es, le visiteur de ce site nous autorise \u00e0 proc\u00e9der au traitement de ses informations \u00e0 caract\u00e8re personnel et \u00e0 les utiliser \u00e0 des fins de gestion interne. Par \u00ab\u00a0gestion interne\u00a0\u00bb, on entend l&rsquo;administration de la client\u00e8le, la gestion des commandes, les livraisons, la facturation, les services, le suivi de la solvabilit\u00e9 ainsi que le marketing et la publicit\u00e9 personnalis\u00e9e. En cas d&rsquo;utilisation de vos coordonn\u00e9es (par exemple votre adresse e-mail) pour des op\u00e9rations de marketing direct, vous avez le droit, \u00e0 tout moment, sans frais, et sans devoir vous en justifier, de vous opposer \u00e0 cette utilisation de vos coordonn\u00e9es. La mise en ligne volontaire de vos donn\u00e9es \u00e0 caract\u00e8re personnel se fait \u00e0 vos risques et p\u00e9rils.<\/p>\n<p>[\/et_pb_text][\/et_pb_column][\/et_pb_row][\/et_pb_section]<\/p>\n","protected":false},"excerpt":{"rendered":"<p>AssurMIFID \u2013 Conditions g\u00e9n\u00e9rales d\u2019engagement :\u00a0R\u00e8gles de conduite AssurMiFID* Ce site web appartient \u00e0 EVRARD CABAY SPRL Coordonn\u00e9es: Place Antoine Ernst 14, 4880 Aubel T\u00e9l\u00e9phone: +3287687486 E-mail: assurances@cabay.be Agr\u00e9ment FSMA: 014038 A-cB Num\u00e9ro d&rsquo;entreprise: BE 0423.878.221 Notre bureau est tenu au respect des \u00ab\u00a0R\u00e8gles de conduite AssurMiFID\u00a0\u00bb et vous communique les informations suivantes \u00e0 ce [&hellip;]<\/p>\n","protected":false},"author":1,"featured_media":0,"parent":0,"menu_order":0,"comment_status":"closed","ping_status":"closed","template":"","meta":{"_et_pb_use_builder":"on","_et_pb_old_content":"","_et_gb_content_width":""},"_links":{"self":[{"href":"https:\/\/www.cabay.be\/index.php\/wp-json\/wp\/v2\/pages\/145"}],"collection":[{"href":"https:\/\/www.cabay.be\/index.php\/wp-json\/wp\/v2\/pages"}],"about":[{"href":"https:\/\/www.cabay.be\/index.php\/wp-json\/wp\/v2\/types\/page"}],"author":[{"embeddable":true,"href":"https:\/\/www.cabay.be\/index.php\/wp-json\/wp\/v2\/users\/1"}],"replies":[{"embeddable":true,"href":"https:\/\/www.cabay.be\/index.php\/wp-json\/wp\/v2\/comments?post=145"}],"version-history":[{"count":6,"href":"https:\/\/www.cabay.be\/index.php\/wp-json\/wp\/v2\/pages\/145\/revisions"}],"predecessor-version":[{"id":410,"href":"https:\/\/www.cabay.be\/index.php\/wp-json\/wp\/v2\/pages\/145\/revisions\/410"}],"wp:attachment":[{"href":"https:\/\/www.cabay.be\/index.php\/wp-json\/wp\/v2\/media?parent=145"}],"curies":[{"name":"wp","href":"https:\/\/api.w.org\/{rel}","templated":true}]}}